{"id":14,"date":"2015-04-17T21:08:13","date_gmt":"2015-04-17T18:08:13","guid":{"rendered":"http:\/\/www.jokirinne.fi\/?page_id=14"},"modified":"2017-10-30T13:43:13","modified_gmt":"2017-10-30T11:43:13","slug":"ajankohtaista","status":"publish","type":"page","link":"https:\/\/www.jokirinne.fi\/?page_id=14","title":{"rendered":"Ajankohtaista"},"content":{"rendered":"<p>Kyl\u00e4yhdistys pyyt\u00e4\u00e4 jokaista koiranomistajaa ker\u00e4\u00e4m\u00e4\u00e4n lemmikkins\u00e4 j\u00e4t\u00f6kset, jos koira tekee ne keskelle py\u00f6r\u00e4tiet\u00e4. Koirankakka keng\u00e4npohjassa, rattaiden tai py\u00f6r\u00e4n renkaassa ei liene kenellek\u00e4\u00e4n eduksi \ud83d\ude42<\/p>\n<p><a href=\"http:\/\/www.jokirinne.fi\/wp-content\/uploads\/2015\/06\/koira.jpg\"><img loading=\"lazy\" decoding=\"async\" data-attachment-id=\"67\" data-permalink=\"https:\/\/www.jokirinne.fi\/?attachment_id=67\" data-orig-file=\"https:\/\/www.jokirinne.fi\/wp-content\/uploads\/2015\/06\/koira.jpg\" data-orig-size=\"608,827\" data-comments-opened=\"1\" data-image-meta=\"{&quot;aperture&quot;:&quot;0&quot;,&quot;credit&quot;:&quot;&quot;,&quot;camera&quot;:&quot;&quot;,&quot;caption&quot;:&quot;&quot;,&quot;created_timestamp&quot;:&quot;0&quot;,&quot;copyright&quot;:&quot;&quot;,&quot;focal_length&quot;:&quot;0&quot;,&quot;iso&quot;:&quot;0&quot;,&quot;shutter_speed&quot;:&quot;0&quot;,&quot;title&quot;:&quot;&quot;,&quot;orientation&quot;:&quot;0&quot;}\" data-image-title=\"koira\" data-image-description=\"\" data-image-caption=\"\" data-medium-file=\"https:\/\/www.jokirinne.fi\/wp-content\/uploads\/2015\/06\/koira-221x300.jpg\" data-large-file=\"https:\/\/www.jokirinne.fi\/wp-content\/uploads\/2015\/06\/koira.jpg\" class=\"size-medium wp-image-67 aligncenter\" src=\"http:\/\/www.jokirinne.fi\/wp-content\/uploads\/2015\/06\/koira-221x300.jpg\" alt=\"koira\" width=\"221\" height=\"300\" srcset=\"https:\/\/www.jokirinne.fi\/wp-content\/uploads\/2015\/06\/koira-221x300.jpg 221w, https:\/\/www.jokirinne.fi\/wp-content\/uploads\/2015\/06\/koira.jpg 608w\" sizes=\"auto, (max-width: 221px) 100vw, 221px\" \/><\/a><\/p>\n","protected":false},"excerpt":{"rendered":"<p>Kyl\u00e4yhdistys pyyt\u00e4\u00e4 jokaista koiranomistajaa ker\u00e4\u00e4m\u00e4\u00e4n lemmikkins\u00e4 j\u00e4t\u00f6kset, jos koira tekee ne keskelle py\u00f6r\u00e4tiet\u00e4. Koirankakka keng\u00e4npohjassa, rattaiden tai py\u00f6r\u00e4n renkaassa ei liene kenellek\u00e4\u00e4n eduksi \ud83d\ude42<\/p>\n","protected":false},"author":1,"featured_media":0,"parent":0,"menu_order":0,"comment_status":"closed","ping_status":"closed","template":"","meta":{"jetpack_post_was_ever_published":false,"footnotes":""},"class_list":["post-14","page","type-page","status-publish","hentry"],"jetpack_sharing_enabled":true,"jetpack_shortlink":"https:\/\/wp.me\/P6XbQi-e","jetpack-related-posts":[],"_links":{"self":[{"href":"https:\/\/www.jokirinne.fi\/index.php?rest_route=\/wp\/v2\/pages\/14","targetHints":{"allow":["GET"]}}],"collection":[{"href":"https:\/\/www.jokirinne.fi\/index.php?rest_route=\/wp\/v2\/pages"}],"about":[{"href":"https:\/\/www.jokirinne.fi\/index.php?rest_route=\/wp\/v2\/types\/page"}],"author":[{"embeddable":true,"href":"https:\/\/www.jokirinne.fi\/index.php?rest_route=\/wp\/v2\/users\/1"}],"replies":[{"embeddable":true,"href":"https:\/\/www.jokirinne.fi\/index.php?rest_route=%2Fwp%2Fv2%2Fcomments&post=14"}],"version-history":[{"count":32,"href":"https:\/\/www.jokirinne.fi\/index.php?rest_route=\/wp\/v2\/pages\/14\/revisions"}],"predecessor-version":[{"id":315,"href":"https:\/\/www.jokirinne.fi\/index.php?rest_route=\/wp\/v2\/pages\/14\/revisions\/315"}],"wp:attachment":[{"href":"https:\/\/www.jokirinne.fi\/index.php?rest_route=%2Fwp%2Fv2%2Fmedia&parent=14"}],"curies":[{"name":"wp","href":"https:\/\/api.w.org\/{rel}","templated":true}]}}