{"id":4,"date":"2015-04-17T20:55:00","date_gmt":"2015-04-17T17:55:00","guid":{"rendered":"http:\/\/www.jokirinne.fi\/?page_id=4"},"modified":"2015-10-27T07:54:10","modified_gmt":"2015-10-27T05:54:10","slug":"etusivu","status":"publish","type":"page","link":"https:\/\/www.jokirinne.fi\/","title":{"rendered":"Jokirinne"},"content":{"rendered":"<p class=\"size-medium wp-image-35\">Jokirinne &#8211; joka paremmin tunnetaan nimell\u00e4 P\u00e4iv\u00e4rinne &#8211; on noin 1000 asukkaan kyl\u00e4 Muhoksella, Pohjois-Pohjanmaalla. Suuren osan P\u00e4iv\u00e4rinteen asukaskunnasta muodostavat lapsiperheet. P\u00e4iv\u00e4rinne sijaitsee noin 10 kilometrin p\u00e4\u00e4ss\u00e4 Muhoksen keskustasta ja noin 25 kilometrin p\u00e4\u00e4ss\u00e4 Oulusta.<\/p>\n<p class=\"size-medium wp-image-35\">1930-luvun alussa rakennettiin keskelle hiljaista maaseutua P\u00e4iv\u00e4rinta -nimiselle lohkotilalle P\u00e4iv\u00e4rinteen tuberkuloosiparantola, jonka nimi vaihtui 1970 -luvulla P\u00e4iv\u00e4rinteen keuhko- ja reumasairaalaksi. P\u00e4iv\u00e4rinteen sairaala n\u00e4kyi valkoisena maamerkkin\u00e4 kilomerien p\u00e4\u00e4h\u00e4n, ja niinp\u00e4 my\u00f6s ymp\u00e4r\u00f6iv\u00e4\u00e4 aluetta alettiin kutsua P\u00e4iv\u00e4rinteeksi. Sairaalan toiminnan my\u00f6t\u00e4 koko kyl\u00e4 kasvoi ja kehittyi.<\/p>\n<p>Nyky\u00e4\u00e4n Hyrkin alakoulu, P\u00e4iv\u00e4rinteen p\u00e4iv\u00e4koti ja kyl\u00e4kauppamme Sale Jokirinne muodostavat palveluiden ytimen.<\/p>\n<p>P\u00e4iv\u00e4rinne on kasvava ja elinvoimainen kyl\u00e4 puhtaan luonnon \u00e4\u00e4rell\u00e4, tervetuloa tutustumaan kyl\u00e4\u00e4mme!<\/p>\n<p>&nbsp;<\/p>\n<p>&nbsp;<\/p>\n","protected":false},"excerpt":{"rendered":"<p>Jokirinne &#8211; joka paremmin tunnetaan nimell\u00e4 P\u00e4iv\u00e4rinne &#8211; on noin 1000 asukkaan kyl\u00e4 Muhoksella, Pohjois-Pohjanmaalla. Suuren osan P\u00e4iv\u00e4rinteen asukaskunnasta muodostavat lapsiperheet. P\u00e4iv\u00e4rinne sijaitsee noin 10 kilometrin p\u00e4\u00e4ss\u00e4 Muhoksen keskustasta ja noin 25 kilometrin p\u00e4\u00e4ss\u00e4 Oulusta. 1930-luvun alussa rakennettiin keskelle hiljaista maaseutua P\u00e4iv\u00e4rinta -nimiselle lohkotilalle P\u00e4iv\u00e4rinteen tuberkuloosiparantola, jonka nimi vaihtui 1970<\/p>\n","protected":false},"author":1,"featured_media":0,"parent":0,"menu_order":0,"comment_status":"closed","ping_status":"closed","template":"","meta":{"jetpack_post_was_ever_published":false,"footnotes":""},"class_list":["post-4","page","type-page","status-publish","hentry"],"jetpack_sharing_enabled":true,"jetpack_shortlink":"https:\/\/wp.me\/P6XbQi-4","jetpack-related-posts":[],"_links":{"self":[{"href":"https:\/\/www.jokirinne.fi\/index.php?rest_route=\/wp\/v2\/pages\/4","targetHints":{"allow":["GET"]}}],"collection":[{"href":"https:\/\/www.jokirinne.fi\/index.php?rest_route=\/wp\/v2\/pages"}],"about":[{"href":"https:\/\/www.jokirinne.fi\/index.php?rest_route=\/wp\/v2\/types\/page"}],"author":[{"embeddable":true,"href":"https:\/\/www.jokirinne.fi\/index.php?rest_route=\/wp\/v2\/users\/1"}],"replies":[{"embeddable":true,"href":"https:\/\/www.jokirinne.fi\/index.php?rest_route=%2Fwp%2Fv2%2Fcomments&post=4"}],"version-history":[{"count":22,"href":"https:\/\/www.jokirinne.fi\/index.php?rest_route=\/wp\/v2\/pages\/4\/revisions"}],"predecessor-version":[{"id":151,"href":"https:\/\/www.jokirinne.fi\/index.php?rest_route=\/wp\/v2\/pages\/4\/revisions\/151"}],"wp:attachment":[{"href":"https:\/\/www.jokirinne.fi\/index.php?rest_route=%2Fwp%2Fv2%2Fmedia&parent=4"}],"curies":[{"name":"wp","href":"https:\/\/api.w.org\/{rel}","templated":true}]}}